{"id":1729,"date":"2024-11-08T09:24:29","date_gmt":"2024-11-08T09:24:29","guid":{"rendered":"https:\/\/www.crownrelo.com\/france\/moving-individual"},"modified":"2024-11-29T03:20:39","modified_gmt":"2024-11-29T03:20:39","slug":"moving-individual","status":"publish","type":"page","link":"https:\/\/www.crownrelo.com\/france\/fr-fr\/moving-individual","title":{"rendered":"D\u00e9placer seuls"},"content":{"rendered":"","protected":false},"excerpt":{"rendered":"","protected":false},"author":7,"featured_media":0,"parent":0,"menu_order":0,"comment_status":"closed","ping_status":"closed","template":"","meta":{"_acf_changed":false,"footnotes":""},"class_list":["post-1729","page","type-page","status-publish","hentry"],"acf":[],"yoast_head":"<!-- This site is optimized with the Yoast SEO plugin v27.2 - https:\/\/yoast.com\/product\/yoast-seo-wordpress\/ -->\n<title>D\u00e9placer seuls | Crown Relocations France<\/title>\n<meta name=\"description\" content=\"Vous \u00eates sur le point de vous lancer dans l&#039;aventure de votre vie, vous n\u2019avez \u00e0 vous pr\u00e9occuper que de vous-m\u00eame, vous avez la libert\u00e9 !\" \/>\n<meta name=\"robots\" content=\"index, follow, max-snippet:-1, max-image-preview:large, max-video-preview:-1\" \/>\n<link rel=\"canonical\" href=\"https:\/\/www.crownrelo.com\/france\/fr-fr\/wp-json\/wp\/v2\/pages\/1729\" \/>\n<meta property=\"og:locale\" content=\"fr_FR\" \/>\n<meta property=\"og:type\" content=\"article\" \/>\n<meta property=\"og:title\" content=\"D\u00e9placer seuls | Crown Relocations France\" \/>\n<meta property=\"og:description\" content=\"Vous \u00eates sur le point de vous lancer dans l&#039;aventure de votre vie, vous n\u2019avez \u00e0 vous pr\u00e9occuper que de vous-m\u00eame, vous avez la libert\u00e9 !\" \/>\n<meta property=\"og:url\" content=\"https:\/\/www.crownrelo.com\/france\/fr-fr\/moving-individual\" \/>\n<meta property=\"og:site_name\" content=\"France\" \/>\n<meta property=\"article:modified_time\" content=\"2024-11-29T03:20:39+00:00\" \/>\n<meta name=\"twitter:card\" content=\"summary_large_image\" \/>\n<script type=\"application\/ld+json\" class=\"yoast-schema-graph\">{\"@context\":\"https:\/\/schema.org\",\"@graph\":[{\"@type\":\"WebPage\",\"@id\":\"https:\/\/www.crownrelo.com\/france\/fr-fr\/moving-individual\",\"url\":\"https:\/\/www.crownrelo.com\/france\/fr-fr\/moving-individual\",\"name\":\"D\u00e9placer seuls | Crown Relocations France\",\"isPartOf\":{\"@id\":\"https:\/\/www.crownrelo.com\/france\/fr-fr#website\"},\"datePublished\":\"2024-11-08T09:24:29+00:00\",\"dateModified\":\"2024-11-29T03:20:39+00:00\",\"description\":\"Vous \u00eates sur le point de vous lancer dans l'aventure de votre vie, vous n\u2019avez \u00e0 vous pr\u00e9occuper que de vous-m\u00eame, vous avez la libert\u00e9 !\",\"breadcrumb\":{\"@id\":\"https:\/\/www.crownrelo.com\/france\/fr-fr\/moving-individual#breadcrumb\"},\"inLanguage\":\"fr-FR\",\"potentialAction\":[{\"@type\":\"ReadAction\",\"target\":[\"https:\/\/www.crownrelo.com\/france\/fr-fr\/moving-individual\"]}]},{\"@type\":\"BreadcrumbList\",\"@id\":\"https:\/\/www.crownrelo.com\/france\/fr-fr\/moving-individual#breadcrumb\",\"itemListElement\":[{\"@type\":\"ListItem\",\"position\":1,\"name\":\"Home\",\"item\":\"https:\/\/www.crownrelo.com\/france\/fr-fr\"},{\"@type\":\"ListItem\",\"position\":2,\"name\":\"D\u00e9placer seuls\"}]},{\"@type\":\"WebSite\",\"@id\":\"https:\/\/www.crownrelo.com\/france\/fr-fr#website\",\"url\":\"https:\/\/www.crownrelo.com\/france\/fr-fr\",\"name\":\"Crown Relocations France\",\"description\":\"Crown Relocations\",\"potentialAction\":[{\"@type\":\"SearchAction\",\"target\":{\"@type\":\"EntryPoint\",\"urlTemplate\":\"https:\/\/www.crownrelo.com\/france\/fr-fr?s={search_term_string}\"},\"query-input\":{\"@type\":\"PropertyValueSpecification\",\"valueRequired\":true,\"valueName\":\"search_term_string\"}}],\"inLanguage\":\"fr-FR\"}]}<\/script>\n<!-- \/ Yoast SEO plugin. -->","yoast_head_json":{"title":"D\u00e9placer seuls | Crown Relocations France","description":"Vous \u00eates sur le point de vous lancer dans l'aventure de votre vie, vous n\u2019avez \u00e0 vous pr\u00e9occuper que de vous-m\u00eame, vous avez la libert\u00e9 !","robots":{"index":"index","follow":"follow","max-snippet":"max-snippet:-1","max-image-preview":"max-image-preview:large","max-video-preview":"max-video-preview:-1"},"canonical":"https:\/\/www.crownrelo.com\/france\/fr-fr\/wp-json\/wp\/v2\/pages\/1729","og_locale":"fr_FR","og_type":"article","og_title":"D\u00e9placer seuls | Crown Relocations France","og_description":"Vous \u00eates sur le point de vous lancer dans l'aventure de votre vie, vous n\u2019avez \u00e0 vous pr\u00e9occuper que de vous-m\u00eame, vous avez la libert\u00e9 !","og_url":"https:\/\/www.crownrelo.com\/france\/fr-fr\/moving-individual","og_site_name":"France","article_modified_time":"2024-11-29T03:20:39+00:00","twitter_card":"summary_large_image","schema":{"@context":"https:\/\/schema.org","@graph":[{"@type":"WebPage","@id":"https:\/\/www.crownrelo.com\/france\/fr-fr\/moving-individual","url":"https:\/\/www.crownrelo.com\/france\/fr-fr\/moving-individual","name":"D\u00e9placer seuls | Crown Relocations France","isPartOf":{"@id":"https:\/\/www.crownrelo.com\/france\/fr-fr#website"},"datePublished":"2024-11-08T09:24:29+00:00","dateModified":"2024-11-29T03:20:39+00:00","description":"Vous \u00eates sur le point de vous lancer dans l'aventure de votre vie, vous n\u2019avez \u00e0 vous pr\u00e9occuper que de vous-m\u00eame, vous avez la libert\u00e9 !","breadcrumb":{"@id":"https:\/\/www.crownrelo.com\/france\/fr-fr\/moving-individual#breadcrumb"},"inLanguage":"fr-FR","potentialAction":[{"@type":"ReadAction","target":["https:\/\/www.crownrelo.com\/france\/fr-fr\/moving-individual"]}]},{"@type":"BreadcrumbList","@id":"https:\/\/www.crownrelo.com\/france\/fr-fr\/moving-individual#breadcrumb","itemListElement":[{"@type":"ListItem","position":1,"name":"Home","item":"https:\/\/www.crownrelo.com\/france\/fr-fr"},{"@type":"ListItem","position":2,"name":"D\u00e9placer seuls"}]},{"@type":"WebSite","@id":"https:\/\/www.crownrelo.com\/france\/fr-fr#website","url":"https:\/\/www.crownrelo.com\/france\/fr-fr","name":"Crown Relocations France","description":"Crown Relocations","potentialAction":[{"@type":"SearchAction","target":{"@type":"EntryPoint","urlTemplate":"https:\/\/www.crownrelo.com\/france\/fr-fr?s={search_term_string}"},"query-input":{"@type":"PropertyValueSpecification","valueRequired":true,"valueName":"search_term_string"}}],"inLanguage":"fr-FR"}]}},"_links":{"self":[{"href":"https:\/\/www.crownrelo.com\/france\/fr-fr\/wp-json\/wp\/v2\/pages\/1729","targetHints":{"allow":["GET"]}}],"collection":[{"href":"https:\/\/www.crownrelo.com\/france\/fr-fr\/wp-json\/wp\/v2\/pages"}],"about":[{"href":"https:\/\/www.crownrelo.com\/france\/fr-fr\/wp-json\/wp\/v2\/types\/page"}],"author":[{"embeddable":true,"href":"https:\/\/www.crownrelo.com\/france\/fr-fr\/wp-json\/wp\/v2\/users\/7"}],"replies":[{"embeddable":true,"href":"https:\/\/www.crownrelo.com\/france\/fr-fr\/wp-json\/wp\/v2\/comments?post=1729"}],"version-history":[{"count":0,"href":"https:\/\/www.crownrelo.com\/france\/fr-fr\/wp-json\/wp\/v2\/pages\/1729\/revisions"}],"wp:attachment":[{"href":"https:\/\/www.crownrelo.com\/france\/fr-fr\/wp-json\/wp\/v2\/media?parent=1729"}],"curies":[{"name":"wp","href":"https:\/\/api.w.org\/{rel}","templated":true}]}}