{"id":1704,"date":"2024-11-14T15:03:01","date_gmt":"2024-11-14T15:03:01","guid":{"rendered":"https:\/\/www.crownrelo.com\/spain\/employee-and-family-support"},"modified":"2024-12-02T02:30:18","modified_gmt":"2024-12-02T02:30:18","slug":"employee-and-family-support","status":"publish","type":"page","link":"https:\/\/www.crownrelo.com\/spain\/es-es\/employee-and-family-support","title":{"rendered":"Apoyo a su familia"},"content":{"rendered":"","protected":false},"excerpt":{"rendered":"","protected":false},"author":5,"featured_media":0,"parent":0,"menu_order":0,"comment_status":"closed","ping_status":"closed","template":"","meta":{"_acf_changed":false,"footnotes":""},"class_list":["post-1704","page","type-page","status-publish","hentry"],"acf":[],"yoast_head":"<!-- This site is optimized with the Yoast SEO plugin v27.2 - https:\/\/yoast.com\/product\/yoast-seo-wordpress\/ -->\n<title>Apoyo a su familia | Crown Relocations Spain<\/title>\n<meta name=\"description\" content=\"Crown ofrece asesoramiento local sobre la escolarizaci\u00f3n en todas las edades, incluyendo guarder\u00edas y centros de educaci\u00f3n preescolar.\" \/>\n<meta name=\"robots\" content=\"index, follow, max-snippet:-1, max-image-preview:large, max-video-preview:-1\" \/>\n<link rel=\"canonical\" href=\"https:\/\/www.crownrelo.com\/spain\/es-es\/wp-json\/wp\/v2\/pages\/1704\" \/>\n<meta property=\"og:locale\" content=\"es_ES\" \/>\n<meta property=\"og:type\" content=\"article\" \/>\n<meta property=\"og:title\" content=\"Apoyo a su familia | Crown Relocations Spain\" \/>\n<meta property=\"og:description\" content=\"Crown ofrece asesoramiento local sobre la escolarizaci\u00f3n en todas las edades, incluyendo guarder\u00edas y centros de educaci\u00f3n preescolar.\" \/>\n<meta property=\"og:url\" content=\"https:\/\/www.crownrelo.com\/spain\/es-es\/employee-and-family-support\" \/>\n<meta property=\"og:site_name\" content=\"Spain\" \/>\n<meta property=\"article:modified_time\" content=\"2024-12-02T02:30:18+00:00\" \/>\n<meta name=\"twitter:card\" content=\"summary_large_image\" \/>\n<script type=\"application\/ld+json\" class=\"yoast-schema-graph\">{\"@context\":\"https:\/\/schema.org\",\"@graph\":[{\"@type\":\"WebPage\",\"@id\":\"https:\/\/www.crownrelo.com\/spain\/es-es\/employee-and-family-support\",\"url\":\"https:\/\/www.crownrelo.com\/spain\/es-es\/employee-and-family-support\",\"name\":\"Apoyo a su familia | Crown Relocations Spain\",\"isPartOf\":{\"@id\":\"https:\/\/www.crownrelo.com\/spain\/es-es\/#website\"},\"datePublished\":\"2024-11-14T15:03:01+00:00\",\"dateModified\":\"2024-12-02T02:30:18+00:00\",\"description\":\"Crown ofrece asesoramiento local sobre la escolarizaci\u00f3n en todas las edades, incluyendo guarder\u00edas y centros de educaci\u00f3n preescolar.\",\"breadcrumb\":{\"@id\":\"https:\/\/www.crownrelo.com\/spain\/es-es\/employee-and-family-support#breadcrumb\"},\"inLanguage\":\"es-ES\",\"potentialAction\":[{\"@type\":\"ReadAction\",\"target\":[\"https:\/\/www.crownrelo.com\/spain\/es-es\/employee-and-family-support\"]}]},{\"@type\":\"BreadcrumbList\",\"@id\":\"https:\/\/www.crownrelo.com\/spain\/es-es\/employee-and-family-support#breadcrumb\",\"itemListElement\":[{\"@type\":\"ListItem\",\"position\":1,\"name\":\"Home\",\"item\":\"https:\/\/www.crownrelo.com\/spain\/es-es\"},{\"@type\":\"ListItem\",\"position\":2,\"name\":\"Apoyo a su familia\"}]},{\"@type\":\"WebSite\",\"@id\":\"https:\/\/www.crownrelo.com\/spain\/es-es\/#website\",\"url\":\"https:\/\/www.crownrelo.com\/spain\/es-es\/\",\"name\":\"Crown Relocations Spain\",\"description\":\"Crown Relocations\",\"potentialAction\":[{\"@type\":\"SearchAction\",\"target\":{\"@type\":\"EntryPoint\",\"urlTemplate\":\"https:\/\/www.crownrelo.com\/spain\/es-es\/?s={search_term_string}\"},\"query-input\":{\"@type\":\"PropertyValueSpecification\",\"valueRequired\":true,\"valueName\":\"search_term_string\"}}],\"inLanguage\":\"es-ES\"}]}<\/script>\n<!-- \/ Yoast SEO plugin. -->","yoast_head_json":{"title":"Apoyo a su familia | Crown Relocations Spain","description":"Crown ofrece asesoramiento local sobre la escolarizaci\u00f3n en todas las edades, incluyendo guarder\u00edas y centros de educaci\u00f3n preescolar.","robots":{"index":"index","follow":"follow","max-snippet":"max-snippet:-1","max-image-preview":"max-image-preview:large","max-video-preview":"max-video-preview:-1"},"canonical":"https:\/\/www.crownrelo.com\/spain\/es-es\/wp-json\/wp\/v2\/pages\/1704","og_locale":"es_ES","og_type":"article","og_title":"Apoyo a su familia | Crown Relocations Spain","og_description":"Crown ofrece asesoramiento local sobre la escolarizaci\u00f3n en todas las edades, incluyendo guarder\u00edas y centros de educaci\u00f3n preescolar.","og_url":"https:\/\/www.crownrelo.com\/spain\/es-es\/employee-and-family-support","og_site_name":"Spain","article_modified_time":"2024-12-02T02:30:18+00:00","twitter_card":"summary_large_image","schema":{"@context":"https:\/\/schema.org","@graph":[{"@type":"WebPage","@id":"https:\/\/www.crownrelo.com\/spain\/es-es\/employee-and-family-support","url":"https:\/\/www.crownrelo.com\/spain\/es-es\/employee-and-family-support","name":"Apoyo a su familia | Crown Relocations Spain","isPartOf":{"@id":"https:\/\/www.crownrelo.com\/spain\/es-es\/#website"},"datePublished":"2024-11-14T15:03:01+00:00","dateModified":"2024-12-02T02:30:18+00:00","description":"Crown ofrece asesoramiento local sobre la escolarizaci\u00f3n en todas las edades, incluyendo guarder\u00edas y centros de educaci\u00f3n preescolar.","breadcrumb":{"@id":"https:\/\/www.crownrelo.com\/spain\/es-es\/employee-and-family-support#breadcrumb"},"inLanguage":"es-ES","potentialAction":[{"@type":"ReadAction","target":["https:\/\/www.crownrelo.com\/spain\/es-es\/employee-and-family-support"]}]},{"@type":"BreadcrumbList","@id":"https:\/\/www.crownrelo.com\/spain\/es-es\/employee-and-family-support#breadcrumb","itemListElement":[{"@type":"ListItem","position":1,"name":"Home","item":"https:\/\/www.crownrelo.com\/spain\/es-es"},{"@type":"ListItem","position":2,"name":"Apoyo a su familia"}]},{"@type":"WebSite","@id":"https:\/\/www.crownrelo.com\/spain\/es-es\/#website","url":"https:\/\/www.crownrelo.com\/spain\/es-es\/","name":"Crown Relocations Spain","description":"Crown Relocations","potentialAction":[{"@type":"SearchAction","target":{"@type":"EntryPoint","urlTemplate":"https:\/\/www.crownrelo.com\/spain\/es-es\/?s={search_term_string}"},"query-input":{"@type":"PropertyValueSpecification","valueRequired":true,"valueName":"search_term_string"}}],"inLanguage":"es-ES"}]}},"_links":{"self":[{"href":"https:\/\/www.crownrelo.com\/spain\/es-es\/wp-json\/wp\/v2\/pages\/1704","targetHints":{"allow":["GET"]}}],"collection":[{"href":"https:\/\/www.crownrelo.com\/spain\/es-es\/wp-json\/wp\/v2\/pages"}],"about":[{"href":"https:\/\/www.crownrelo.com\/spain\/es-es\/wp-json\/wp\/v2\/types\/page"}],"author":[{"embeddable":true,"href":"https:\/\/www.crownrelo.com\/spain\/es-es\/wp-json\/wp\/v2\/users\/5"}],"replies":[{"embeddable":true,"href":"https:\/\/www.crownrelo.com\/spain\/es-es\/wp-json\/wp\/v2\/comments?post=1704"}],"version-history":[{"count":0,"href":"https:\/\/www.crownrelo.com\/spain\/es-es\/wp-json\/wp\/v2\/pages\/1704\/revisions"}],"wp:attachment":[{"href":"https:\/\/www.crownrelo.com\/spain\/es-es\/wp-json\/wp\/v2\/media?parent=1704"}],"curies":[{"name":"wp","href":"https:\/\/api.w.org\/{rel}","templated":true}]}}