{"id":1731,"date":"2024-11-08T09:19:26","date_gmt":"2024-11-08T09:19:26","guid":{"rendered":"https:\/\/www.crownrelo.com\/sweden\/family-children"},"modified":"2024-12-02T02:52:49","modified_gmt":"2024-12-02T02:52:49","slug":"family-children","status":"publish","type":"page","link":"https:\/\/www.crownrelo.com\/sweden\/sv-se\/family-children","title":{"rendered":"Familjer med skolbarn"},"content":{"rendered":"","protected":false},"excerpt":{"rendered":"","protected":false},"author":7,"featured_media":0,"parent":0,"menu_order":0,"comment_status":"closed","ping_status":"closed","template":"","meta":{"_acf_changed":false,"footnotes":""},"class_list":["post-1731","page","type-page","status-publish","hentry"],"acf":[],"yoast_head":"<!-- This site is optimized with the Yoast SEO plugin v27.2 - https:\/\/yoast.com\/product\/yoast-seo-wordpress\/ -->\n<title>Familjer med skolbarn | Crown Relocations Sweden<\/title>\n<meta name=\"description\" content=\"Yngre barn i skol\u00e5ldern kan vara uppr\u00f6rda att beh\u00f6va l\u00e4mna sina v\u00e4nner och den milj\u00f6 de \u00e4r bekanta med vilket \u00e4r helt f\u00f6rst\u00e5eligt.\" \/>\n<meta name=\"robots\" content=\"index, follow, max-snippet:-1, max-image-preview:large, max-video-preview:-1\" \/>\n<link rel=\"canonical\" href=\"https:\/\/www.crownrelo.com\/sweden\/sv-se\/wp-json\/wp\/v2\/pages\/1731\" \/>\n<meta property=\"og:locale\" content=\"en_US\" \/>\n<meta property=\"og:type\" content=\"article\" \/>\n<meta property=\"og:title\" content=\"Familjer med skolbarn | Crown Relocations Sweden\" \/>\n<meta property=\"og:description\" content=\"Yngre barn i skol\u00e5ldern kan vara uppr\u00f6rda att beh\u00f6va l\u00e4mna sina v\u00e4nner och den milj\u00f6 de \u00e4r bekanta med vilket \u00e4r helt f\u00f6rst\u00e5eligt.\" \/>\n<meta property=\"og:url\" content=\"https:\/\/www.crownrelo.com\/sweden\/sv-se\/family-children\" \/>\n<meta property=\"og:site_name\" content=\"Sweden\" \/>\n<meta property=\"article:modified_time\" content=\"2024-12-02T02:52:49+00:00\" \/>\n<meta name=\"twitter:card\" content=\"summary_large_image\" \/>\n<script type=\"application\/ld+json\" class=\"yoast-schema-graph\">{\"@context\":\"https:\/\/schema.org\",\"@graph\":[{\"@type\":\"WebPage\",\"@id\":\"https:\/\/www.crownrelo.com\/sweden\/sv-se\/family-children\",\"url\":\"https:\/\/www.crownrelo.com\/sweden\/sv-se\/family-children\",\"name\":\"Familjer med skolbarn | Crown Relocations Sweden\",\"isPartOf\":{\"@id\":\"https:\/\/www.crownrelo.com\/sweden\/sv-se\/#website\"},\"datePublished\":\"2024-11-08T09:19:26+00:00\",\"dateModified\":\"2024-12-02T02:52:49+00:00\",\"description\":\"Yngre barn i skol\u00e5ldern kan vara uppr\u00f6rda att beh\u00f6va l\u00e4mna sina v\u00e4nner och den milj\u00f6 de \u00e4r bekanta med vilket \u00e4r helt f\u00f6rst\u00e5eligt.\",\"breadcrumb\":{\"@id\":\"https:\/\/www.crownrelo.com\/sweden\/sv-se\/family-children#breadcrumb\"},\"inLanguage\":\"sv-SE\",\"potentialAction\":[{\"@type\":\"ReadAction\",\"target\":[\"https:\/\/www.crownrelo.com\/sweden\/sv-se\/family-children\"]}]},{\"@type\":\"BreadcrumbList\",\"@id\":\"https:\/\/www.crownrelo.com\/sweden\/sv-se\/family-children#breadcrumb\",\"itemListElement\":[{\"@type\":\"ListItem\",\"position\":1,\"name\":\"Home\",\"item\":\"https:\/\/www.crownrelo.com\/sweden\/sv-se\"},{\"@type\":\"ListItem\",\"position\":2,\"name\":\"Familjer med skolbarn\"}]},{\"@type\":\"WebSite\",\"@id\":\"https:\/\/www.crownrelo.com\/sweden\/sv-se\/#website\",\"url\":\"https:\/\/www.crownrelo.com\/sweden\/sv-se\/\",\"name\":\"Crown Relocations Sweden\",\"description\":\"Crown Relocations\",\"potentialAction\":[{\"@type\":\"SearchAction\",\"target\":{\"@type\":\"EntryPoint\",\"urlTemplate\":\"https:\/\/www.crownrelo.com\/sweden\/sv-se\/?s={search_term_string}\"},\"query-input\":{\"@type\":\"PropertyValueSpecification\",\"valueRequired\":true,\"valueName\":\"search_term_string\"}}],\"inLanguage\":\"sv-SE\"}]}<\/script>\n<!-- \/ Yoast SEO plugin. -->","yoast_head_json":{"title":"Familjer med skolbarn | Crown Relocations Sweden","description":"Yngre barn i skol\u00e5ldern kan vara uppr\u00f6rda att beh\u00f6va l\u00e4mna sina v\u00e4nner och den milj\u00f6 de \u00e4r bekanta med vilket \u00e4r helt f\u00f6rst\u00e5eligt.","robots":{"index":"index","follow":"follow","max-snippet":"max-snippet:-1","max-image-preview":"max-image-preview:large","max-video-preview":"max-video-preview:-1"},"canonical":"https:\/\/www.crownrelo.com\/sweden\/sv-se\/wp-json\/wp\/v2\/pages\/1731","og_locale":"en_US","og_type":"article","og_title":"Familjer med skolbarn | Crown Relocations Sweden","og_description":"Yngre barn i skol\u00e5ldern kan vara uppr\u00f6rda att beh\u00f6va l\u00e4mna sina v\u00e4nner och den milj\u00f6 de \u00e4r bekanta med vilket \u00e4r helt f\u00f6rst\u00e5eligt.","og_url":"https:\/\/www.crownrelo.com\/sweden\/sv-se\/family-children","og_site_name":"Sweden","article_modified_time":"2024-12-02T02:52:49+00:00","twitter_card":"summary_large_image","schema":{"@context":"https:\/\/schema.org","@graph":[{"@type":"WebPage","@id":"https:\/\/www.crownrelo.com\/sweden\/sv-se\/family-children","url":"https:\/\/www.crownrelo.com\/sweden\/sv-se\/family-children","name":"Familjer med skolbarn | Crown Relocations Sweden","isPartOf":{"@id":"https:\/\/www.crownrelo.com\/sweden\/sv-se\/#website"},"datePublished":"2024-11-08T09:19:26+00:00","dateModified":"2024-12-02T02:52:49+00:00","description":"Yngre barn i skol\u00e5ldern kan vara uppr\u00f6rda att beh\u00f6va l\u00e4mna sina v\u00e4nner och den milj\u00f6 de \u00e4r bekanta med vilket \u00e4r helt f\u00f6rst\u00e5eligt.","breadcrumb":{"@id":"https:\/\/www.crownrelo.com\/sweden\/sv-se\/family-children#breadcrumb"},"inLanguage":"sv-SE","potentialAction":[{"@type":"ReadAction","target":["https:\/\/www.crownrelo.com\/sweden\/sv-se\/family-children"]}]},{"@type":"BreadcrumbList","@id":"https:\/\/www.crownrelo.com\/sweden\/sv-se\/family-children#breadcrumb","itemListElement":[{"@type":"ListItem","position":1,"name":"Home","item":"https:\/\/www.crownrelo.com\/sweden\/sv-se"},{"@type":"ListItem","position":2,"name":"Familjer med skolbarn"}]},{"@type":"WebSite","@id":"https:\/\/www.crownrelo.com\/sweden\/sv-se\/#website","url":"https:\/\/www.crownrelo.com\/sweden\/sv-se\/","name":"Crown Relocations Sweden","description":"Crown Relocations","potentialAction":[{"@type":"SearchAction","target":{"@type":"EntryPoint","urlTemplate":"https:\/\/www.crownrelo.com\/sweden\/sv-se\/?s={search_term_string}"},"query-input":{"@type":"PropertyValueSpecification","valueRequired":true,"valueName":"search_term_string"}}],"inLanguage":"sv-SE"}]}},"_links":{"self":[{"href":"https:\/\/www.crownrelo.com\/sweden\/sv-se\/wp-json\/wp\/v2\/pages\/1731","targetHints":{"allow":["GET"]}}],"collection":[{"href":"https:\/\/www.crownrelo.com\/sweden\/sv-se\/wp-json\/wp\/v2\/pages"}],"about":[{"href":"https:\/\/www.crownrelo.com\/sweden\/sv-se\/wp-json\/wp\/v2\/types\/page"}],"author":[{"embeddable":true,"href":"https:\/\/www.crownrelo.com\/sweden\/sv-se\/wp-json\/wp\/v2\/users\/7"}],"replies":[{"embeddable":true,"href":"https:\/\/www.crownrelo.com\/sweden\/sv-se\/wp-json\/wp\/v2\/comments?post=1731"}],"version-history":[{"count":0,"href":"https:\/\/www.crownrelo.com\/sweden\/sv-se\/wp-json\/wp\/v2\/pages\/1731\/revisions"}],"wp:attachment":[{"href":"https:\/\/www.crownrelo.com\/sweden\/sv-se\/wp-json\/wp\/v2\/media?parent=1731"}],"curies":[{"name":"wp","href":"https:\/\/api.w.org\/{rel}","templated":true}]}}