{"id":2366,"date":"2024-09-17T07:18:58","date_gmt":"2024-09-17T07:18:58","guid":{"rendered":"https:\/\/www.crownrelo.com\/sweden\/main-page"},"modified":"2025-01-21T09:38:28","modified_gmt":"2025-01-21T09:38:28","slug":"main-page","status":"publish","type":"page","link":"https:\/\/www.crownrelo.com\/sweden\/sv-se","title":{"rendered":"Main Page"},"content":{"rendered":"","protected":false},"excerpt":{"rendered":"","protected":false},"author":2,"featured_media":0,"parent":0,"menu_order":0,"comment_status":"closed","ping_status":"closed","template":"","meta":{"_acf_changed":false,"footnotes":""},"class_list":["post-2366","page","type-page","status-publish","hentry"],"acf":[],"yoast_head":"<!-- This site is optimized with the Yoast SEO plugin v27.2 - https:\/\/yoast.com\/product\/yoast-seo-wordpress\/ -->\n<title>Flyttj\u00e4nster: Lokala och internationella flyttar | Crown Relocations<\/title>\n<meta name=\"description\" content=\"Vi erbjuder information inf\u00f6r flytten utomlands och hj\u00e4lper till att planera, och genomf\u00f6ra flytten till ett nytt land. F\u00e5 en fri offert.\" \/>\n<meta name=\"robots\" content=\"index, follow, max-snippet:-1, max-image-preview:large, max-video-preview:-1\" \/>\n<link rel=\"canonical\" href=\"https:\/\/www.crownrelo.com\/sweden\/sv-se\/wp-json\/wp\/v2\/pages\/2366\" \/>\n<meta property=\"og:locale\" content=\"en_US\" \/>\n<meta property=\"og:type\" content=\"article\" \/>\n<meta property=\"og:title\" content=\"Flyttj\u00e4nster: Lokala och internationella flyttar | Crown Relocations\" \/>\n<meta property=\"og:description\" content=\"Vi erbjuder information inf\u00f6r flytten utomlands och hj\u00e4lper till att planera, och genomf\u00f6ra flytten till ett nytt land. F\u00e5 en fri offert.\" \/>\n<meta property=\"og:url\" content=\"https:\/\/www.crownrelo.com\/sweden\/sv-se\" \/>\n<meta property=\"og:site_name\" content=\"Sweden\" \/>\n<meta property=\"article:modified_time\" content=\"2025-01-21T09:38:28+00:00\" \/>\n<meta name=\"twitter:card\" content=\"summary_large_image\" \/>\n<script type=\"application\/ld+json\" class=\"yoast-schema-graph\">{\"@context\":\"https:\/\/schema.org\",\"@graph\":[{\"@type\":\"WebPage\",\"@id\":\"https:\/\/www.crownrelo.com\/sweden\/sv-se\",\"url\":\"https:\/\/www.crownrelo.com\/sweden\/sv-se\",\"name\":\"Flyttj\u00e4nster: Lokala och internationella flyttar | Crown Relocations\",\"isPartOf\":{\"@id\":\"https:\/\/www.crownrelo.com\/sweden\/sv-se\/#website\"},\"datePublished\":\"2024-09-17T07:18:58+00:00\",\"dateModified\":\"2025-01-21T09:38:28+00:00\",\"description\":\"Vi erbjuder information inf\u00f6r flytten utomlands och hj\u00e4lper till att planera, och genomf\u00f6ra flytten till ett nytt land. F\u00e5 en fri offert.\",\"breadcrumb\":{\"@id\":\"https:\/\/www.crownrelo.com\/sweden\/sv-se#breadcrumb\"},\"inLanguage\":\"sv-SE\",\"potentialAction\":[{\"@type\":\"ReadAction\",\"target\":[\"https:\/\/www.crownrelo.com\/sweden\/sv-se\"]}]},{\"@type\":\"BreadcrumbList\",\"@id\":\"https:\/\/www.crownrelo.com\/sweden\/sv-se#breadcrumb\",\"itemListElement\":[{\"@type\":\"ListItem\",\"position\":1,\"name\":\"Home\",\"item\":\"https:\/\/www.crownrelo.com\/sweden\/sv-se\"},{\"@type\":\"ListItem\",\"position\":2,\"name\":\"Main Page\"}]},{\"@type\":\"WebSite\",\"@id\":\"https:\/\/www.crownrelo.com\/sweden\/sv-se\/#website\",\"url\":\"https:\/\/www.crownrelo.com\/sweden\/sv-se\/\",\"name\":\"Crown Relocations Sweden\",\"description\":\"Crown Relocations\",\"potentialAction\":[{\"@type\":\"SearchAction\",\"target\":{\"@type\":\"EntryPoint\",\"urlTemplate\":\"https:\/\/www.crownrelo.com\/sweden\/sv-se\/?s={search_term_string}\"},\"query-input\":{\"@type\":\"PropertyValueSpecification\",\"valueRequired\":true,\"valueName\":\"search_term_string\"}}],\"inLanguage\":\"sv-SE\"}]}<\/script>\n<!-- \/ Yoast SEO plugin. -->","yoast_head_json":{"title":"Flyttj\u00e4nster: Lokala och internationella flyttar | Crown Relocations","description":"Vi erbjuder information inf\u00f6r flytten utomlands och hj\u00e4lper till att planera, och genomf\u00f6ra flytten till ett nytt land. F\u00e5 en fri offert.","robots":{"index":"index","follow":"follow","max-snippet":"max-snippet:-1","max-image-preview":"max-image-preview:large","max-video-preview":"max-video-preview:-1"},"canonical":"https:\/\/www.crownrelo.com\/sweden\/sv-se\/wp-json\/wp\/v2\/pages\/2366","og_locale":"en_US","og_type":"article","og_title":"Flyttj\u00e4nster: Lokala och internationella flyttar | Crown Relocations","og_description":"Vi erbjuder information inf\u00f6r flytten utomlands och hj\u00e4lper till att planera, och genomf\u00f6ra flytten till ett nytt land. F\u00e5 en fri offert.","og_url":"https:\/\/www.crownrelo.com\/sweden\/sv-se","og_site_name":"Sweden","article_modified_time":"2025-01-21T09:38:28+00:00","twitter_card":"summary_large_image","schema":{"@context":"https:\/\/schema.org","@graph":[{"@type":"WebPage","@id":"https:\/\/www.crownrelo.com\/sweden\/sv-se","url":"https:\/\/www.crownrelo.com\/sweden\/sv-se","name":"Flyttj\u00e4nster: Lokala och internationella flyttar | Crown Relocations","isPartOf":{"@id":"https:\/\/www.crownrelo.com\/sweden\/sv-se\/#website"},"datePublished":"2024-09-17T07:18:58+00:00","dateModified":"2025-01-21T09:38:28+00:00","description":"Vi erbjuder information inf\u00f6r flytten utomlands och hj\u00e4lper till att planera, och genomf\u00f6ra flytten till ett nytt land. F\u00e5 en fri offert.","breadcrumb":{"@id":"https:\/\/www.crownrelo.com\/sweden\/sv-se#breadcrumb"},"inLanguage":"sv-SE","potentialAction":[{"@type":"ReadAction","target":["https:\/\/www.crownrelo.com\/sweden\/sv-se"]}]},{"@type":"BreadcrumbList","@id":"https:\/\/www.crownrelo.com\/sweden\/sv-se#breadcrumb","itemListElement":[{"@type":"ListItem","position":1,"name":"Home","item":"https:\/\/www.crownrelo.com\/sweden\/sv-se"},{"@type":"ListItem","position":2,"name":"Main Page"}]},{"@type":"WebSite","@id":"https:\/\/www.crownrelo.com\/sweden\/sv-se\/#website","url":"https:\/\/www.crownrelo.com\/sweden\/sv-se\/","name":"Crown Relocations Sweden","description":"Crown Relocations","potentialAction":[{"@type":"SearchAction","target":{"@type":"EntryPoint","urlTemplate":"https:\/\/www.crownrelo.com\/sweden\/sv-se\/?s={search_term_string}"},"query-input":{"@type":"PropertyValueSpecification","valueRequired":true,"valueName":"search_term_string"}}],"inLanguage":"sv-SE"}]}},"_links":{"self":[{"href":"https:\/\/www.crownrelo.com\/sweden\/sv-se\/wp-json\/wp\/v2\/pages\/2366","targetHints":{"allow":["GET"]}}],"collection":[{"href":"https:\/\/www.crownrelo.com\/sweden\/sv-se\/wp-json\/wp\/v2\/pages"}],"about":[{"href":"https:\/\/www.crownrelo.com\/sweden\/sv-se\/wp-json\/wp\/v2\/types\/page"}],"author":[{"embeddable":true,"href":"https:\/\/www.crownrelo.com\/sweden\/sv-se\/wp-json\/wp\/v2\/users\/2"}],"replies":[{"embeddable":true,"href":"https:\/\/www.crownrelo.com\/sweden\/sv-se\/wp-json\/wp\/v2\/comments?post=2366"}],"version-history":[{"count":0,"href":"https:\/\/www.crownrelo.com\/sweden\/sv-se\/wp-json\/wp\/v2\/pages\/2366\/revisions"}],"wp:attachment":[{"href":"https:\/\/www.crownrelo.com\/sweden\/sv-se\/wp-json\/wp\/v2\/media?parent=2366"}],"curies":[{"name":"wp","href":"https:\/\/api.w.org\/{rel}","templated":true}]}}