{"id":2699,"date":"2024-09-17T07:18:58","date_gmt":"2024-09-17T07:18:58","guid":{"rendered":"https:\/\/www.crownrelo.com\/switzerland\/main-page"},"modified":"2025-01-21T09:40:10","modified_gmt":"2025-01-21T09:40:10","slug":"main-page","status":"publish","type":"page","link":"https:\/\/www.crownrelo.com\/switzerland\/de-ch","title":{"rendered":"Main Page"},"content":{"rendered":"","protected":false},"excerpt":{"rendered":"","protected":false},"author":2,"featured_media":0,"parent":0,"menu_order":0,"comment_status":"closed","ping_status":"closed","template":"","meta":{"_acf_changed":false,"footnotes":""},"class_list":["post-2699","page","type-page","status-publish","hentry"],"acf":[],"yoast_head":"<!-- This site is optimized with the Yoast SEO plugin v27.2 - https:\/\/yoast.com\/product\/yoast-seo-wordpress\/ -->\n<title>Ihr Dienstleister f\u00fcr internationale Umz\u00fcge | Crown Relocations<\/title>\n<meta name=\"description\" content=\"Crown Relocations ist ein Premiumdienstleister f\u00fcr internationale Umz\u00fcge mit eigenen B\u00fcros in 60 L\u00e4ndern.\" \/>\n<meta name=\"robots\" content=\"index, follow, max-snippet:-1, max-image-preview:large, max-video-preview:-1\" \/>\n<link rel=\"canonical\" href=\"https:\/\/www.crownrelo.com\/switzerland\/de-ch\/wp-json\/wp\/v2\/pages\/2699\" \/>\n<meta property=\"og:locale\" content=\"de_DE\" \/>\n<meta property=\"og:type\" content=\"article\" \/>\n<meta property=\"og:title\" content=\"Ihr Dienstleister f\u00fcr internationale Umz\u00fcge | Crown Relocations\" \/>\n<meta property=\"og:description\" content=\"Crown Relocations ist ein Premiumdienstleister f\u00fcr internationale Umz\u00fcge mit eigenen B\u00fcros in 60 L\u00e4ndern.\" \/>\n<meta property=\"og:url\" content=\"https:\/\/www.crownrelo.com\/switzerland\/de-ch\" \/>\n<meta property=\"og:site_name\" content=\"Switzerland\" \/>\n<meta property=\"article:modified_time\" content=\"2025-01-21T09:40:10+00:00\" \/>\n<meta name=\"twitter:card\" content=\"summary_large_image\" \/>\n<script type=\"application\/ld+json\" class=\"yoast-schema-graph\">{\"@context\":\"https:\/\/schema.org\",\"@graph\":[{\"@type\":\"WebPage\",\"@id\":\"https:\/\/www.crownrelo.com\/switzerland\/de-ch\",\"url\":\"https:\/\/www.crownrelo.com\/switzerland\/de-ch\",\"name\":\"Ihr Dienstleister f\u00fcr internationale Umz\u00fcge | Crown Relocations\",\"isPartOf\":{\"@id\":\"https:\/\/www.crownrelo.com\/switzerland\/de-ch#website\"},\"datePublished\":\"2024-09-17T07:18:58+00:00\",\"dateModified\":\"2025-01-21T09:40:10+00:00\",\"description\":\"Crown Relocations ist ein Premiumdienstleister f\u00fcr internationale Umz\u00fcge mit eigenen B\u00fcros in 60 L\u00e4ndern.\",\"breadcrumb\":{\"@id\":\"https:\/\/www.crownrelo.com\/switzerland\/de-ch#breadcrumb\"},\"inLanguage\":\"de-CH\",\"potentialAction\":[{\"@type\":\"ReadAction\",\"target\":[\"https:\/\/www.crownrelo.com\/switzerland\/de-ch\"]}]},{\"@type\":\"BreadcrumbList\",\"@id\":\"https:\/\/www.crownrelo.com\/switzerland\/de-ch#breadcrumb\",\"itemListElement\":[{\"@type\":\"ListItem\",\"position\":1,\"name\":\"Home\",\"item\":\"https:\/\/www.crownrelo.com\/switzerland\/de-ch\"},{\"@type\":\"ListItem\",\"position\":2,\"name\":\"Main Page\"}]},{\"@type\":\"WebSite\",\"@id\":\"https:\/\/www.crownrelo.com\/switzerland\/de-ch#website\",\"url\":\"https:\/\/www.crownrelo.com\/switzerland\/de-ch\",\"name\":\"Crown Relocations Switzerland\",\"description\":\"Crown Relocations\",\"potentialAction\":[{\"@type\":\"SearchAction\",\"target\":{\"@type\":\"EntryPoint\",\"urlTemplate\":\"https:\/\/www.crownrelo.com\/switzerland\/de-ch?s={search_term_string}\"},\"query-input\":{\"@type\":\"PropertyValueSpecification\",\"valueRequired\":true,\"valueName\":\"search_term_string\"}}],\"inLanguage\":\"de-CH\"}]}<\/script>\n<!-- \/ Yoast SEO plugin. -->","yoast_head_json":{"title":"Ihr Dienstleister f\u00fcr internationale Umz\u00fcge | Crown Relocations","description":"Crown Relocations ist ein Premiumdienstleister f\u00fcr internationale Umz\u00fcge mit eigenen B\u00fcros in 60 L\u00e4ndern.","robots":{"index":"index","follow":"follow","max-snippet":"max-snippet:-1","max-image-preview":"max-image-preview:large","max-video-preview":"max-video-preview:-1"},"canonical":"https:\/\/www.crownrelo.com\/switzerland\/de-ch\/wp-json\/wp\/v2\/pages\/2699","og_locale":"de_DE","og_type":"article","og_title":"Ihr Dienstleister f\u00fcr internationale Umz\u00fcge | Crown Relocations","og_description":"Crown Relocations ist ein Premiumdienstleister f\u00fcr internationale Umz\u00fcge mit eigenen B\u00fcros in 60 L\u00e4ndern.","og_url":"https:\/\/www.crownrelo.com\/switzerland\/de-ch","og_site_name":"Switzerland","article_modified_time":"2025-01-21T09:40:10+00:00","twitter_card":"summary_large_image","schema":{"@context":"https:\/\/schema.org","@graph":[{"@type":"WebPage","@id":"https:\/\/www.crownrelo.com\/switzerland\/de-ch","url":"https:\/\/www.crownrelo.com\/switzerland\/de-ch","name":"Ihr Dienstleister f\u00fcr internationale Umz\u00fcge | Crown Relocations","isPartOf":{"@id":"https:\/\/www.crownrelo.com\/switzerland\/de-ch#website"},"datePublished":"2024-09-17T07:18:58+00:00","dateModified":"2025-01-21T09:40:10+00:00","description":"Crown Relocations ist ein Premiumdienstleister f\u00fcr internationale Umz\u00fcge mit eigenen B\u00fcros in 60 L\u00e4ndern.","breadcrumb":{"@id":"https:\/\/www.crownrelo.com\/switzerland\/de-ch#breadcrumb"},"inLanguage":"de-CH","potentialAction":[{"@type":"ReadAction","target":["https:\/\/www.crownrelo.com\/switzerland\/de-ch"]}]},{"@type":"BreadcrumbList","@id":"https:\/\/www.crownrelo.com\/switzerland\/de-ch#breadcrumb","itemListElement":[{"@type":"ListItem","position":1,"name":"Home","item":"https:\/\/www.crownrelo.com\/switzerland\/de-ch"},{"@type":"ListItem","position":2,"name":"Main Page"}]},{"@type":"WebSite","@id":"https:\/\/www.crownrelo.com\/switzerland\/de-ch#website","url":"https:\/\/www.crownrelo.com\/switzerland\/de-ch","name":"Crown Relocations Switzerland","description":"Crown Relocations","potentialAction":[{"@type":"SearchAction","target":{"@type":"EntryPoint","urlTemplate":"https:\/\/www.crownrelo.com\/switzerland\/de-ch?s={search_term_string}"},"query-input":{"@type":"PropertyValueSpecification","valueRequired":true,"valueName":"search_term_string"}}],"inLanguage":"de-CH"}]}},"_links":{"self":[{"href":"https:\/\/www.crownrelo.com\/switzerland\/de-ch\/wp-json\/wp\/v2\/pages\/2699","targetHints":{"allow":["GET"]}}],"collection":[{"href":"https:\/\/www.crownrelo.com\/switzerland\/de-ch\/wp-json\/wp\/v2\/pages"}],"about":[{"href":"https:\/\/www.crownrelo.com\/switzerland\/de-ch\/wp-json\/wp\/v2\/types\/page"}],"author":[{"embeddable":true,"href":"https:\/\/www.crownrelo.com\/switzerland\/de-ch\/wp-json\/wp\/v2\/users\/2"}],"replies":[{"embeddable":true,"href":"https:\/\/www.crownrelo.com\/switzerland\/de-ch\/wp-json\/wp\/v2\/comments?post=2699"}],"version-history":[{"count":0,"href":"https:\/\/www.crownrelo.com\/switzerland\/de-ch\/wp-json\/wp\/v2\/pages\/2699\/revisions"}],"wp:attachment":[{"href":"https:\/\/www.crownrelo.com\/switzerland\/de-ch\/wp-json\/wp\/v2\/media?parent=2699"}],"curies":[{"name":"wp","href":"https:\/\/api.w.org\/{rel}","templated":true}]}}