{"id":1704,"date":"2024-11-14T15:03:01","date_gmt":"2024-11-14T15:03:01","guid":{"rendered":"https:\/\/www.crownrelo.com\/switzerland\/employee-and-family-support"},"modified":"2024-12-02T07:03:29","modified_gmt":"2024-12-02T07:03:29","slug":"employee-and-family-support","status":"publish","type":"page","link":"https:\/\/www.crownrelo.com\/switzerland\/fr-ch\/employee-and-family-support","title":{"rendered":"Accompagnement des salari\u00e9s et de leur famille"},"content":{"rendered":"","protected":false},"excerpt":{"rendered":"","protected":false},"author":5,"featured_media":0,"parent":0,"menu_order":0,"comment_status":"closed","ping_status":"closed","template":"","meta":{"_acf_changed":false,"footnotes":""},"class_list":["post-1704","page","type-page","status-publish","hentry"],"acf":[],"yoast_head":"<!-- This site is optimized with the Yoast SEO plugin v27.2 - https:\/\/yoast.com\/product\/yoast-seo-wordpress\/ -->\n<title>Accompagnement des salari\u00e9s et de leur famille<\/title>\n<meta name=\"description\" content=\"Les \u00e9quipes des agences locales de Crown vous conseilleront sur le choix des \u00e9tablissements scolaires les mieux adapt\u00e9s \u00e0 vos enfants quel que soit leur \u00e2ge\" \/>\n<meta name=\"robots\" content=\"index, follow, max-snippet:-1, max-image-preview:large, max-video-preview:-1\" \/>\n<link rel=\"canonical\" href=\"https:\/\/www.crownrelo.com\/switzerland\/fr-ch\/wp-json\/wp\/v2\/pages\/1704\" \/>\n<meta property=\"og:locale\" content=\"fr_FR\" \/>\n<meta property=\"og:type\" content=\"article\" \/>\n<meta property=\"og:title\" content=\"Accompagnement des salari\u00e9s et de leur famille\" \/>\n<meta property=\"og:description\" content=\"Les \u00e9quipes des agences locales de Crown vous conseilleront sur le choix des \u00e9tablissements scolaires les mieux adapt\u00e9s \u00e0 vos enfants quel que soit leur \u00e2ge\" \/>\n<meta property=\"og:url\" content=\"https:\/\/www.crownrelo.com\/switzerland\/fr-ch\/employee-and-family-support\" \/>\n<meta property=\"og:site_name\" content=\"Switzerland\" \/>\n<meta property=\"article:modified_time\" content=\"2024-12-02T07:03:29+00:00\" \/>\n<meta name=\"twitter:card\" content=\"summary_large_image\" \/>\n<script type=\"application\/ld+json\" class=\"yoast-schema-graph\">{\"@context\":\"https:\/\/schema.org\",\"@graph\":[{\"@type\":\"WebPage\",\"@id\":\"https:\/\/www.crownrelo.com\/switzerland\/fr-ch\/employee-and-family-support\",\"url\":\"https:\/\/www.crownrelo.com\/switzerland\/fr-ch\/employee-and-family-support\",\"name\":\"Accompagnement des salari\u00e9s et de leur famille\",\"isPartOf\":{\"@id\":\"https:\/\/www.crownrelo.com\/switzerland\/fr-ch#website\"},\"datePublished\":\"2024-11-14T15:03:01+00:00\",\"dateModified\":\"2024-12-02T07:03:29+00:00\",\"description\":\"Les \u00e9quipes des agences locales de Crown vous conseilleront sur le choix des \u00e9tablissements scolaires les mieux adapt\u00e9s \u00e0 vos enfants quel que soit leur \u00e2ge\",\"breadcrumb\":{\"@id\":\"https:\/\/www.crownrelo.com\/switzerland\/fr-ch\/employee-and-family-support#breadcrumb\"},\"inLanguage\":\"fr-CH\",\"potentialAction\":[{\"@type\":\"ReadAction\",\"target\":[\"https:\/\/www.crownrelo.com\/switzerland\/fr-ch\/employee-and-family-support\"]}]},{\"@type\":\"BreadcrumbList\",\"@id\":\"https:\/\/www.crownrelo.com\/switzerland\/fr-ch\/employee-and-family-support#breadcrumb\",\"itemListElement\":[{\"@type\":\"ListItem\",\"position\":1,\"name\":\"Home\",\"item\":\"https:\/\/www.crownrelo.com\/switzerland\/fr-ch\"},{\"@type\":\"ListItem\",\"position\":2,\"name\":\"Accompagnement des salari\u00e9s et de leur famille\"}]},{\"@type\":\"WebSite\",\"@id\":\"https:\/\/www.crownrelo.com\/switzerland\/fr-ch#website\",\"url\":\"https:\/\/www.crownrelo.com\/switzerland\/fr-ch\",\"name\":\"Crown Relocations Switzerland\",\"description\":\"Crown Relocations\",\"potentialAction\":[{\"@type\":\"SearchAction\",\"target\":{\"@type\":\"EntryPoint\",\"urlTemplate\":\"https:\/\/www.crownrelo.com\/switzerland\/fr-ch?s={search_term_string}\"},\"query-input\":{\"@type\":\"PropertyValueSpecification\",\"valueRequired\":true,\"valueName\":\"search_term_string\"}}],\"inLanguage\":\"fr-CH\"}]}<\/script>\n<!-- \/ Yoast SEO plugin. -->","yoast_head_json":{"title":"Accompagnement des salari\u00e9s et de leur famille","description":"Les \u00e9quipes des agences locales de Crown vous conseilleront sur le choix des \u00e9tablissements scolaires les mieux adapt\u00e9s \u00e0 vos enfants quel que soit leur \u00e2ge","robots":{"index":"index","follow":"follow","max-snippet":"max-snippet:-1","max-image-preview":"max-image-preview:large","max-video-preview":"max-video-preview:-1"},"canonical":"https:\/\/www.crownrelo.com\/switzerland\/fr-ch\/wp-json\/wp\/v2\/pages\/1704","og_locale":"fr_FR","og_type":"article","og_title":"Accompagnement des salari\u00e9s et de leur famille","og_description":"Les \u00e9quipes des agences locales de Crown vous conseilleront sur le choix des \u00e9tablissements scolaires les mieux adapt\u00e9s \u00e0 vos enfants quel que soit leur \u00e2ge","og_url":"https:\/\/www.crownrelo.com\/switzerland\/fr-ch\/employee-and-family-support","og_site_name":"Switzerland","article_modified_time":"2024-12-02T07:03:29+00:00","twitter_card":"summary_large_image","schema":{"@context":"https:\/\/schema.org","@graph":[{"@type":"WebPage","@id":"https:\/\/www.crownrelo.com\/switzerland\/fr-ch\/employee-and-family-support","url":"https:\/\/www.crownrelo.com\/switzerland\/fr-ch\/employee-and-family-support","name":"Accompagnement des salari\u00e9s et de leur famille","isPartOf":{"@id":"https:\/\/www.crownrelo.com\/switzerland\/fr-ch#website"},"datePublished":"2024-11-14T15:03:01+00:00","dateModified":"2024-12-02T07:03:29+00:00","description":"Les \u00e9quipes des agences locales de Crown vous conseilleront sur le choix des \u00e9tablissements scolaires les mieux adapt\u00e9s \u00e0 vos enfants quel que soit leur \u00e2ge","breadcrumb":{"@id":"https:\/\/www.crownrelo.com\/switzerland\/fr-ch\/employee-and-family-support#breadcrumb"},"inLanguage":"fr-CH","potentialAction":[{"@type":"ReadAction","target":["https:\/\/www.crownrelo.com\/switzerland\/fr-ch\/employee-and-family-support"]}]},{"@type":"BreadcrumbList","@id":"https:\/\/www.crownrelo.com\/switzerland\/fr-ch\/employee-and-family-support#breadcrumb","itemListElement":[{"@type":"ListItem","position":1,"name":"Home","item":"https:\/\/www.crownrelo.com\/switzerland\/fr-ch"},{"@type":"ListItem","position":2,"name":"Accompagnement des salari\u00e9s et de leur famille"}]},{"@type":"WebSite","@id":"https:\/\/www.crownrelo.com\/switzerland\/fr-ch#website","url":"https:\/\/www.crownrelo.com\/switzerland\/fr-ch","name":"Crown Relocations Switzerland","description":"Crown Relocations","potentialAction":[{"@type":"SearchAction","target":{"@type":"EntryPoint","urlTemplate":"https:\/\/www.crownrelo.com\/switzerland\/fr-ch?s={search_term_string}"},"query-input":{"@type":"PropertyValueSpecification","valueRequired":true,"valueName":"search_term_string"}}],"inLanguage":"fr-CH"}]}},"_links":{"self":[{"href":"https:\/\/www.crownrelo.com\/switzerland\/fr-ch\/wp-json\/wp\/v2\/pages\/1704","targetHints":{"allow":["GET"]}}],"collection":[{"href":"https:\/\/www.crownrelo.com\/switzerland\/fr-ch\/wp-json\/wp\/v2\/pages"}],"about":[{"href":"https:\/\/www.crownrelo.com\/switzerland\/fr-ch\/wp-json\/wp\/v2\/types\/page"}],"author":[{"embeddable":true,"href":"https:\/\/www.crownrelo.com\/switzerland\/fr-ch\/wp-json\/wp\/v2\/users\/5"}],"replies":[{"embeddable":true,"href":"https:\/\/www.crownrelo.com\/switzerland\/fr-ch\/wp-json\/wp\/v2\/comments?post=1704"}],"version-history":[{"count":0,"href":"https:\/\/www.crownrelo.com\/switzerland\/fr-ch\/wp-json\/wp\/v2\/pages\/1704\/revisions"}],"wp:attachment":[{"href":"https:\/\/www.crownrelo.com\/switzerland\/fr-ch\/wp-json\/wp\/v2\/media?parent=1704"}],"curies":[{"name":"wp","href":"https:\/\/api.w.org\/{rel}","templated":true}]}}