{"id":2358,"date":"2024-09-18T10:47:59","date_gmt":"2024-09-18T10:47:59","guid":{"rendered":"https:\/\/www.crownrelo.com\/turkey\/about-us"},"modified":"2024-12-02T08:14:22","modified_gmt":"2024-12-02T08:14:22","slug":"about-us","status":"publish","type":"page","link":"https:\/\/www.crownrelo.com\/turkey\/tr-tr\/about-us","title":{"rendered":"Hakk\u0131m\u0131zda"},"content":{"rendered":"","protected":false},"excerpt":{"rendered":"","protected":false},"author":2,"featured_media":0,"parent":0,"menu_order":0,"comment_status":"closed","ping_status":"closed","template":"","meta":{"_acf_changed":false,"footnotes":""},"class_list":["post-2358","page","type-page","status-publish","hentry"],"acf":[],"yoast_head":"<!-- This site is optimized with the Yoast SEO plugin v27.2 - https:\/\/yoast.com\/product\/yoast-seo-wordpress\/ -->\n<title>Hakk\u0131m\u0131zda | Crown Relocations Turkey<\/title>\n<meta name=\"description\" content=\"Crown Worldwide Group \u015firketlerinin t\u00fcm\u00fc ortak bir kaliteyi payla\u015f\u0131r - karma\u015f\u0131ktan rutine kadar her \u015feyi ba\u015farmak i\u00e7in deneyim ve anlay\u0131\u015f.\" \/>\n<meta name=\"robots\" content=\"index, follow, max-snippet:-1, max-image-preview:large, max-video-preview:-1\" \/>\n<link rel=\"canonical\" href=\"https:\/\/www.crownrelo.com\/turkey\/tr-tr\/wp-json\/wp\/v2\/pages\/2358\" \/>\n<meta property=\"og:locale\" content=\"tr_TR\" \/>\n<meta property=\"og:type\" content=\"article\" \/>\n<meta property=\"og:title\" content=\"Hakk\u0131m\u0131zda | Crown Relocations Turkey\" \/>\n<meta property=\"og:description\" content=\"Crown Worldwide Group \u015firketlerinin t\u00fcm\u00fc ortak bir kaliteyi payla\u015f\u0131r - karma\u015f\u0131ktan rutine kadar her \u015feyi ba\u015farmak i\u00e7in deneyim ve anlay\u0131\u015f.\" \/>\n<meta property=\"og:url\" content=\"https:\/\/www.crownrelo.com\/turkey\/tr-tr\/about-us\" \/>\n<meta property=\"og:site_name\" content=\"Turkey\" \/>\n<meta property=\"article:modified_time\" content=\"2024-12-02T08:14:22+00:00\" \/>\n<meta name=\"twitter:card\" content=\"summary_large_image\" \/>\n<script type=\"application\/ld+json\" class=\"yoast-schema-graph\">{\"@context\":\"https:\/\/schema.org\",\"@graph\":[{\"@type\":\"WebPage\",\"@id\":\"https:\/\/www.crownrelo.com\/turkey\/tr-tr\/about-us\",\"url\":\"https:\/\/www.crownrelo.com\/turkey\/tr-tr\/about-us\",\"name\":\"Hakk\u0131m\u0131zda | Crown Relocations Turkey\",\"isPartOf\":{\"@id\":\"https:\/\/www.crownrelo.com\/turkey\/tr-tr\/#website\"},\"datePublished\":\"2024-09-18T10:47:59+00:00\",\"dateModified\":\"2024-12-02T08:14:22+00:00\",\"description\":\"Crown Worldwide Group \u015firketlerinin t\u00fcm\u00fc ortak bir kaliteyi payla\u015f\u0131r - karma\u015f\u0131ktan rutine kadar her \u015feyi ba\u015farmak i\u00e7in deneyim ve anlay\u0131\u015f.\",\"breadcrumb\":{\"@id\":\"https:\/\/www.crownrelo.com\/turkey\/tr-tr\/about-us#breadcrumb\"},\"inLanguage\":\"tr-TR\",\"potentialAction\":[{\"@type\":\"ReadAction\",\"target\":[\"https:\/\/www.crownrelo.com\/turkey\/tr-tr\/about-us\"]}]},{\"@type\":\"BreadcrumbList\",\"@id\":\"https:\/\/www.crownrelo.com\/turkey\/tr-tr\/about-us#breadcrumb\",\"itemListElement\":[{\"@type\":\"ListItem\",\"position\":1,\"name\":\"Home\",\"item\":\"https:\/\/www.crownrelo.com\/turkey\/tr-tr\"},{\"@type\":\"ListItem\",\"position\":2,\"name\":\"Hakk\u0131m\u0131zda\"}]},{\"@type\":\"WebSite\",\"@id\":\"https:\/\/www.crownrelo.com\/turkey\/tr-tr\/#website\",\"url\":\"https:\/\/www.crownrelo.com\/turkey\/tr-tr\/\",\"name\":\"Crown Relocations Turkey\",\"description\":\"Crown Relocations\",\"potentialAction\":[{\"@type\":\"SearchAction\",\"target\":{\"@type\":\"EntryPoint\",\"urlTemplate\":\"https:\/\/www.crownrelo.com\/turkey\/tr-tr\/?s={search_term_string}\"},\"query-input\":{\"@type\":\"PropertyValueSpecification\",\"valueRequired\":true,\"valueName\":\"search_term_string\"}}],\"inLanguage\":\"tr-TR\"}]}<\/script>\n<!-- \/ Yoast SEO plugin. -->","yoast_head_json":{"title":"Hakk\u0131m\u0131zda | Crown Relocations Turkey","description":"Crown Worldwide Group \u015firketlerinin t\u00fcm\u00fc ortak bir kaliteyi payla\u015f\u0131r - karma\u015f\u0131ktan rutine kadar her \u015feyi ba\u015farmak i\u00e7in deneyim ve anlay\u0131\u015f.","robots":{"index":"index","follow":"follow","max-snippet":"max-snippet:-1","max-image-preview":"max-image-preview:large","max-video-preview":"max-video-preview:-1"},"canonical":"https:\/\/www.crownrelo.com\/turkey\/tr-tr\/wp-json\/wp\/v2\/pages\/2358","og_locale":"tr_TR","og_type":"article","og_title":"Hakk\u0131m\u0131zda | Crown Relocations Turkey","og_description":"Crown Worldwide Group \u015firketlerinin t\u00fcm\u00fc ortak bir kaliteyi payla\u015f\u0131r - karma\u015f\u0131ktan rutine kadar her \u015feyi ba\u015farmak i\u00e7in deneyim ve anlay\u0131\u015f.","og_url":"https:\/\/www.crownrelo.com\/turkey\/tr-tr\/about-us","og_site_name":"Turkey","article_modified_time":"2024-12-02T08:14:22+00:00","twitter_card":"summary_large_image","schema":{"@context":"https:\/\/schema.org","@graph":[{"@type":"WebPage","@id":"https:\/\/www.crownrelo.com\/turkey\/tr-tr\/about-us","url":"https:\/\/www.crownrelo.com\/turkey\/tr-tr\/about-us","name":"Hakk\u0131m\u0131zda | Crown Relocations Turkey","isPartOf":{"@id":"https:\/\/www.crownrelo.com\/turkey\/tr-tr\/#website"},"datePublished":"2024-09-18T10:47:59+00:00","dateModified":"2024-12-02T08:14:22+00:00","description":"Crown Worldwide Group \u015firketlerinin t\u00fcm\u00fc ortak bir kaliteyi payla\u015f\u0131r - karma\u015f\u0131ktan rutine kadar her \u015feyi ba\u015farmak i\u00e7in deneyim ve anlay\u0131\u015f.","breadcrumb":{"@id":"https:\/\/www.crownrelo.com\/turkey\/tr-tr\/about-us#breadcrumb"},"inLanguage":"tr-TR","potentialAction":[{"@type":"ReadAction","target":["https:\/\/www.crownrelo.com\/turkey\/tr-tr\/about-us"]}]},{"@type":"BreadcrumbList","@id":"https:\/\/www.crownrelo.com\/turkey\/tr-tr\/about-us#breadcrumb","itemListElement":[{"@type":"ListItem","position":1,"name":"Home","item":"https:\/\/www.crownrelo.com\/turkey\/tr-tr"},{"@type":"ListItem","position":2,"name":"Hakk\u0131m\u0131zda"}]},{"@type":"WebSite","@id":"https:\/\/www.crownrelo.com\/turkey\/tr-tr\/#website","url":"https:\/\/www.crownrelo.com\/turkey\/tr-tr\/","name":"Crown Relocations Turkey","description":"Crown Relocations","potentialAction":[{"@type":"SearchAction","target":{"@type":"EntryPoint","urlTemplate":"https:\/\/www.crownrelo.com\/turkey\/tr-tr\/?s={search_term_string}"},"query-input":{"@type":"PropertyValueSpecification","valueRequired":true,"valueName":"search_term_string"}}],"inLanguage":"tr-TR"}]}},"_links":{"self":[{"href":"https:\/\/www.crownrelo.com\/turkey\/tr-tr\/wp-json\/wp\/v2\/pages\/2358","targetHints":{"allow":["GET"]}}],"collection":[{"href":"https:\/\/www.crownrelo.com\/turkey\/tr-tr\/wp-json\/wp\/v2\/pages"}],"about":[{"href":"https:\/\/www.crownrelo.com\/turkey\/tr-tr\/wp-json\/wp\/v2\/types\/page"}],"author":[{"embeddable":true,"href":"https:\/\/www.crownrelo.com\/turkey\/tr-tr\/wp-json\/wp\/v2\/users\/2"}],"replies":[{"embeddable":true,"href":"https:\/\/www.crownrelo.com\/turkey\/tr-tr\/wp-json\/wp\/v2\/comments?post=2358"}],"version-history":[{"count":0,"href":"https:\/\/www.crownrelo.com\/turkey\/tr-tr\/wp-json\/wp\/v2\/pages\/2358\/revisions"}],"wp:attachment":[{"href":"https:\/\/www.crownrelo.com\/turkey\/tr-tr\/wp-json\/wp\/v2\/media?parent=2358"}],"curies":[{"name":"wp","href":"https:\/\/api.w.org\/{rel}","templated":true}]}}