{"id":2768,"date":"2024-12-12T08:29:25","date_gmt":"2024-12-12T08:29:25","guid":{"rendered":"https:\/\/www.crownrelo.com\/turkey\/get-a-quote"},"modified":"2025-06-16T03:15:07","modified_gmt":"2025-06-16T03:15:07","slug":"get-a-quote","status":"publish","type":"page","link":"https:\/\/www.crownrelo.com\/turkey\/tr-tr\/get-a-quote","title":{"rendered":"Teklif Al\u0131n"},"content":{"rendered":"","protected":false},"excerpt":{"rendered":"","protected":false},"author":1,"featured_media":0,"parent":0,"menu_order":0,"comment_status":"closed","ping_status":"closed","template":"template-quote.php","meta":{"_acf_changed":false,"footnotes":""},"class_list":["post-2768","page","type-page","status-publish","hentry"],"acf":[],"yoast_head":"<!-- This site is optimized with the Yoast SEO plugin v27.2 - https:\/\/yoast.com\/product\/yoast-seo-wordpress\/ -->\n<title>Teklif Al\u0131n - Crown Relocations Turkey<\/title>\n<meta name=\"description\" content=\"Uluslararas\u0131 evden eve nakliyat s\u00fcrecinizi ba\u015flatmak i\u00e7in l\u00fctfen ta\u015f\u0131nman\u0131za dair birka\u00e7 bilgiyi bizimle payla\u015f\u0131n \u2013 sadece birka\u00e7 dakikan\u0131z\u0131 al\u0131r.\" \/>\n<meta name=\"robots\" content=\"index, follow, max-snippet:-1, max-image-preview:large, max-video-preview:-1\" \/>\n<link rel=\"canonical\" href=\"https:\/\/www.crownrelo.com\/turkey\/tr-tr\/wp-json\/wp\/v2\/pages\/2768\" \/>\n<meta property=\"og:locale\" content=\"tr_TR\" \/>\n<meta property=\"og:type\" content=\"article\" \/>\n<meta property=\"og:title\" content=\"Teklif Al\u0131n - Crown Relocations Turkey\" \/>\n<meta property=\"og:description\" content=\"Uluslararas\u0131 evden eve nakliyat s\u00fcrecinizi ba\u015flatmak i\u00e7in l\u00fctfen ta\u015f\u0131nman\u0131za dair birka\u00e7 bilgiyi bizimle payla\u015f\u0131n \u2013 sadece birka\u00e7 dakikan\u0131z\u0131 al\u0131r.\" \/>\n<meta property=\"og:url\" content=\"https:\/\/www.crownrelo.com\/turkey\/tr-tr\/get-a-quote\" \/>\n<meta property=\"og:site_name\" content=\"Turkey\" \/>\n<meta property=\"article:modified_time\" content=\"2025-06-16T03:15:07+00:00\" \/>\n<meta name=\"twitter:card\" content=\"summary_large_image\" \/>\n<script type=\"application\/ld+json\" class=\"yoast-schema-graph\">{\"@context\":\"https:\/\/schema.org\",\"@graph\":[{\"@type\":\"WebPage\",\"@id\":\"https:\/\/www.crownrelo.com\/turkey\/tr-tr\/get-a-quote\",\"url\":\"https:\/\/www.crownrelo.com\/turkey\/tr-tr\/get-a-quote\",\"name\":\"Teklif Al\u0131n - Crown Relocations Turkey\",\"isPartOf\":{\"@id\":\"https:\/\/www.crownrelo.com\/turkey\/tr-tr\/#website\"},\"datePublished\":\"2024-12-12T08:29:25+00:00\",\"dateModified\":\"2025-06-16T03:15:07+00:00\",\"description\":\"Uluslararas\u0131 evden eve nakliyat s\u00fcrecinizi ba\u015flatmak i\u00e7in l\u00fctfen ta\u015f\u0131nman\u0131za dair birka\u00e7 bilgiyi bizimle payla\u015f\u0131n \u2013 sadece birka\u00e7 dakikan\u0131z\u0131 al\u0131r.\",\"breadcrumb\":{\"@id\":\"https:\/\/www.crownrelo.com\/turkey\/tr-tr\/get-a-quote#breadcrumb\"},\"inLanguage\":\"tr-TR\",\"potentialAction\":[{\"@type\":\"ReadAction\",\"target\":[\"https:\/\/www.crownrelo.com\/turkey\/tr-tr\/get-a-quote\"]}]},{\"@type\":\"BreadcrumbList\",\"@id\":\"https:\/\/www.crownrelo.com\/turkey\/tr-tr\/get-a-quote#breadcrumb\",\"itemListElement\":[{\"@type\":\"ListItem\",\"position\":1,\"name\":\"Home\",\"item\":\"https:\/\/www.crownrelo.com\/turkey\/tr-tr\"},{\"@type\":\"ListItem\",\"position\":2,\"name\":\"Teklif Al\u0131n\"}]},{\"@type\":\"WebSite\",\"@id\":\"https:\/\/www.crownrelo.com\/turkey\/tr-tr\/#website\",\"url\":\"https:\/\/www.crownrelo.com\/turkey\/tr-tr\/\",\"name\":\"Crown Relocations Turkey\",\"description\":\"Crown Relocations\",\"potentialAction\":[{\"@type\":\"SearchAction\",\"target\":{\"@type\":\"EntryPoint\",\"urlTemplate\":\"https:\/\/www.crownrelo.com\/turkey\/tr-tr\/?s={search_term_string}\"},\"query-input\":{\"@type\":\"PropertyValueSpecification\",\"valueRequired\":true,\"valueName\":\"search_term_string\"}}],\"inLanguage\":\"tr-TR\"}]}<\/script>\n<!-- \/ Yoast SEO plugin. -->","yoast_head_json":{"title":"Teklif Al\u0131n - Crown Relocations Turkey","description":"Uluslararas\u0131 evden eve nakliyat s\u00fcrecinizi ba\u015flatmak i\u00e7in l\u00fctfen ta\u015f\u0131nman\u0131za dair birka\u00e7 bilgiyi bizimle payla\u015f\u0131n \u2013 sadece birka\u00e7 dakikan\u0131z\u0131 al\u0131r.","robots":{"index":"index","follow":"follow","max-snippet":"max-snippet:-1","max-image-preview":"max-image-preview:large","max-video-preview":"max-video-preview:-1"},"canonical":"https:\/\/www.crownrelo.com\/turkey\/tr-tr\/wp-json\/wp\/v2\/pages\/2768","og_locale":"tr_TR","og_type":"article","og_title":"Teklif Al\u0131n - Crown Relocations Turkey","og_description":"Uluslararas\u0131 evden eve nakliyat s\u00fcrecinizi ba\u015flatmak i\u00e7in l\u00fctfen ta\u015f\u0131nman\u0131za dair birka\u00e7 bilgiyi bizimle payla\u015f\u0131n \u2013 sadece birka\u00e7 dakikan\u0131z\u0131 al\u0131r.","og_url":"https:\/\/www.crownrelo.com\/turkey\/tr-tr\/get-a-quote","og_site_name":"Turkey","article_modified_time":"2025-06-16T03:15:07+00:00","twitter_card":"summary_large_image","schema":{"@context":"https:\/\/schema.org","@graph":[{"@type":"WebPage","@id":"https:\/\/www.crownrelo.com\/turkey\/tr-tr\/get-a-quote","url":"https:\/\/www.crownrelo.com\/turkey\/tr-tr\/get-a-quote","name":"Teklif Al\u0131n - Crown Relocations Turkey","isPartOf":{"@id":"https:\/\/www.crownrelo.com\/turkey\/tr-tr\/#website"},"datePublished":"2024-12-12T08:29:25+00:00","dateModified":"2025-06-16T03:15:07+00:00","description":"Uluslararas\u0131 evden eve nakliyat s\u00fcrecinizi ba\u015flatmak i\u00e7in l\u00fctfen ta\u015f\u0131nman\u0131za dair birka\u00e7 bilgiyi bizimle payla\u015f\u0131n \u2013 sadece birka\u00e7 dakikan\u0131z\u0131 al\u0131r.","breadcrumb":{"@id":"https:\/\/www.crownrelo.com\/turkey\/tr-tr\/get-a-quote#breadcrumb"},"inLanguage":"tr-TR","potentialAction":[{"@type":"ReadAction","target":["https:\/\/www.crownrelo.com\/turkey\/tr-tr\/get-a-quote"]}]},{"@type":"BreadcrumbList","@id":"https:\/\/www.crownrelo.com\/turkey\/tr-tr\/get-a-quote#breadcrumb","itemListElement":[{"@type":"ListItem","position":1,"name":"Home","item":"https:\/\/www.crownrelo.com\/turkey\/tr-tr"},{"@type":"ListItem","position":2,"name":"Teklif Al\u0131n"}]},{"@type":"WebSite","@id":"https:\/\/www.crownrelo.com\/turkey\/tr-tr\/#website","url":"https:\/\/www.crownrelo.com\/turkey\/tr-tr\/","name":"Crown Relocations Turkey","description":"Crown Relocations","potentialAction":[{"@type":"SearchAction","target":{"@type":"EntryPoint","urlTemplate":"https:\/\/www.crownrelo.com\/turkey\/tr-tr\/?s={search_term_string}"},"query-input":{"@type":"PropertyValueSpecification","valueRequired":true,"valueName":"search_term_string"}}],"inLanguage":"tr-TR"}]}},"_links":{"self":[{"href":"https:\/\/www.crownrelo.com\/turkey\/tr-tr\/wp-json\/wp\/v2\/pages\/2768","targetHints":{"allow":["GET"]}}],"collection":[{"href":"https:\/\/www.crownrelo.com\/turkey\/tr-tr\/wp-json\/wp\/v2\/pages"}],"about":[{"href":"https:\/\/www.crownrelo.com\/turkey\/tr-tr\/wp-json\/wp\/v2\/types\/page"}],"author":[{"embeddable":true,"href":"https:\/\/www.crownrelo.com\/turkey\/tr-tr\/wp-json\/wp\/v2\/users\/1"}],"replies":[{"embeddable":true,"href":"https:\/\/www.crownrelo.com\/turkey\/tr-tr\/wp-json\/wp\/v2\/comments?post=2768"}],"version-history":[{"count":0,"href":"https:\/\/www.crownrelo.com\/turkey\/tr-tr\/wp-json\/wp\/v2\/pages\/2768\/revisions"}],"wp:attachment":[{"href":"https:\/\/www.crownrelo.com\/turkey\/tr-tr\/wp-json\/wp\/v2\/media?parent=2768"}],"curies":[{"name":"wp","href":"https:\/\/api.w.org\/{rel}","templated":true}]}}